{"id":10683,"date":"2025-03-04T04:41:06","date_gmt":"2025-03-04T04:41:06","guid":{"rendered":"https:\/\/dev.splotch.com.au\/schlam\/?page_id=10683"},"modified":"2026-04-20T13:50:25","modified_gmt":"2026-04-20T13:50:25","slug":"reconstrucciones-y-reacondicionamiento","status":"publish","type":"page","link":"https:\/\/dev.splotch.com.au\/es\/servicio-y-asistencia\/reconstrucciones-y-reacondicionamiento\/","title":{"rendered":"Reconstrucciones y Reacondicionamiento"},"content":{"rendered":"\t\t<div data-elementor-type=\"wp-page\" data-elementor-id=\"10683\" class=\"elementor elementor-10683\" data-elementor-post-type=\"page\">\n\t\t\t\t<div data-particle_enable=\"false\" data-particle-mobile-disabled=\"false\" class=\"elementor-element elementor-element-98f5727 e-flex e-con-boxed e-con e-parent\" data-id=\"98f5727\" data-element_type=\"container\" data-e-type=\"container\" data-settings=\"{&quot;background_background&quot;:&quot;classic&quot;}\">\n\t\t\t\t\t<div class=\"e-con-inner\">\n\t\t\t\t<div class=\"elementor-element elementor-element-a150c84 elementor-widget elementor-widget-heading\" data-id=\"a150c84\" data-element_type=\"widget\" data-e-type=\"widget\" data-widget_type=\"heading.default\">\n\t\t\t\t<div class=\"elementor-widget-container\">\n\t\t\t\t\t<h1 class=\"elementor-heading-title elementor-size-default\">Reconstrucciones and reacondicionamiento\n<\/h1>\t\t\t\t<\/div>\n\t\t\t\t<\/div>\n\t\t\t\t<div class=\"elementor-element elementor-element-40dd6cf elementor-widget elementor-widget-heading\" data-id=\"40dd6cf\" data-element_type=\"widget\" data-e-type=\"widget\" data-widget_type=\"heading.default\">\n\t\t\t\t<div class=\"elementor-widget-container\">\n\t\t\t\t\t<p class=\"elementor-heading-title elementor-size-default\">Working collaboratively to optimise asset life respaldado por a best-in-market reconstrucci\u00f3n programme<\/p>\t\t\t\t<\/div>\n\t\t\t\t<\/div>\n\t\t\t\t\t<\/div>\n\t\t\t\t<\/div>\n\t\t<div data-particle_enable=\"false\" data-particle-mobile-disabled=\"false\" class=\"elementor-element elementor-element-aac449d e-flex e-con-boxed e-con e-parent\" data-id=\"aac449d\" data-element_type=\"container\" data-e-type=\"container\" data-settings=\"{&quot;background_background&quot;:&quot;classic&quot;}\">\n\t\t\t\t\t<div class=\"e-con-inner\">\n\t\t<div data-particle_enable=\"false\" data-particle-mobile-disabled=\"false\" class=\"elementor-element elementor-element-3601a21 e-con-full e-flex e-con e-child\" data-id=\"3601a21\" data-element_type=\"container\" data-e-type=\"container\">\n\t\t\t\t<div class=\"elementor-element elementor-element-4bb04bb elementor-widget elementor-widget-image\" data-id=\"4bb04bb\" data-element_type=\"widget\" data-e-type=\"widget\" data-widget_type=\"image.default\">\n\t\t\t\t<div class=\"elementor-widget-container\">\n\t\t\t\t\t\t\t\t\t\t\t\t\t\t\t<img fetchpriority=\"high\" decoding=\"async\" width=\"840\" height=\"559\" src=\"https:\/\/dev.splotch.com.au\/es\/wp-content\/uploads\/2025\/03\/payload-rebuilds.jpg\" class=\"attachment-large size-large wp-image-10628\" alt=\"\" srcset=\"https:\/\/dev.splotch.com.au\/es\/wp-content\/uploads\/2025\/03\/payload-rebuilds.jpg 1000w, https:\/\/dev.splotch.com.au\/es\/wp-content\/uploads\/2025\/03\/payload-rebuilds-300x200.jpg 300w, https:\/\/dev.splotch.com.au\/es\/wp-content\/uploads\/2025\/03\/payload-rebuilds-768x511.jpg 768w\" sizes=\"(max-width: 840px) 100vw, 840px\" \/>\t\t\t\t\t\t\t\t\t\t\t\t\t\t\t<\/div>\n\t\t\t\t<\/div>\n\t\t\t\t<\/div>\n\t\t<div data-particle_enable=\"false\" data-particle-mobile-disabled=\"false\" class=\"elementor-element elementor-element-9f22f57 e-con-full e-flex e-con e-child\" data-id=\"9f22f57\" data-element_type=\"container\" data-e-type=\"container\">\n\t\t\t\t<div class=\"elementor-element elementor-element-a062b92 elementor-widget elementor-widget-text-editor\" data-id=\"a062b92\" data-element_type=\"widget\" data-e-type=\"widget\" data-widget_type=\"text-editor.default\">\n\t\t\t\t<div class=\"elementor-widget-container\">\n\t\t\t\t\t\t\t\t\t<h2>CARACTER\u00cdSTICAS AND BENEFICIOS<\/h2><ul class=\"arrow-list-sentence\"><li>Detailed inspections and diagnostics before commencement, to define scope of work<\/li><li>Authentic OEM parts, asegurando compatibility, confiabilidad, y rendimiento<\/li><li>Performed to original OEM dise\u00f1o specifications<\/li><li>Incorporation of the latest dise\u00f1o improvements and tecnolog\u00eda updates during the reconstrucci\u00f3n process to enhance equipo rendimiento<\/li><li>Rigorous calidad checks are conducted post-reconstrucci\u00f3n para asegurar the equipo meets OEM est\u00e1ndares<\/li><li>OEM-backed garant\u00eda on all rebuilt equipo<\/li><li>A rentable alternative while restoring rendimiento and confiabilidad<\/li><li>OEM reconstrucci\u00f3ns extend the operational life of equipo, maximizando return on investment and minimizando costo total de propiedad<\/li><li>Ongoing OEM support, including technical assistance, mantenimiento servicios, and parts supply after the reconstrucci\u00f3n is completed<\/li><\/ul>\t\t\t\t\t\t\t\t<\/div>\n\t\t\t\t<\/div>\n\t\t<div data-particle_enable=\"false\" data-particle-mobile-disabled=\"false\" class=\"elementor-element elementor-element-f0a2e86 e-con-full e-flex e-con e-child\" data-id=\"f0a2e86\" data-element_type=\"container\" data-e-type=\"container\">\n\t\t\t\t<div class=\"elementor-element elementor-element-279d50a elementor-align-left elementor-widget elementor-widget-button\" data-id=\"279d50a\" data-element_type=\"widget\" data-e-type=\"widget\" data-settings=\"{&quot;_animation&quot;:&quot;none&quot;}\" data-widget_type=\"button.default\">\n\t\t\t\t<div class=\"elementor-widget-container\">\n\t\t\t\t\t\t\t\t\t<div class=\"elementor-button-wrapper\">\n\t\t\t\t\t<a class=\"elementor-button elementor-button-link elementor-size-lg\" href=\"https:\/\/dev.splotch.com.au\/es\/contacto\/\">\n\t\t\t\t\t\t<span class=\"elementor-button-content-wrapper\">\n\t\t\t\t\t\t<span class=\"elementor-button-icon\">\n\t\t\t\t<i aria-hidden=\"true\" class=\"fas fa-arrow-right\"><\/i>\t\t\t<\/span>\n\t\t\t\t\t\t\t\t\t<span class=\"elementor-button-text\">Contactoar<\/span>\n\t\t\t\t\t<\/span>\n\t\t\t\t\t<\/a>\n\t\t\t\t<\/div>\n\t\t\t\t\t\t\t\t<\/div>\n\t\t\t\t<\/div>\n\t\t\t\t<div class=\"elementor-element elementor-element-b93b937 elementor-align-left elementor-widget elementor-widget-button\" data-id=\"b93b937\" data-element_type=\"widget\" data-e-type=\"widget\" data-settings=\"{&quot;_animation&quot;:&quot;none&quot;}\" data-widget_type=\"button.default\">\n\t\t\t\t<div class=\"elementor-widget-container\">\n\t\t\t\t\t\t\t\t\t<div class=\"elementor-button-wrapper\">\n\t\t\t\t\t<a class=\"elementor-button elementor-button-link elementor-size-lg\" href=\"https:\/\/dev.splotch.com.au\/es\/wp-content\/uploads\/2026\/03\/Schlam_Product-Lifecycle-Services.pdf\" target=\"_blank\">\n\t\t\t\t\t\t<span class=\"elementor-button-content-wrapper\">\n\t\t\t\t\t\t<span class=\"elementor-button-icon\">\n\t\t\t\t<i aria-hidden=\"true\" class=\"fas fa-arrow-right\"><\/i>\t\t\t<\/span>\n\t\t\t\t\t\t\t\t\t<span class=\"elementor-button-text\">Brochure Descargar<\/span>\n\t\t\t\t\t<\/span>\n\t\t\t\t\t<\/a>\n\t\t\t\t<\/div>\n\t\t\t\t\t\t\t\t<\/div>\n\t\t\t\t<\/div>\n\t\t\t\t<\/div>\n\t\t\t\t<\/div>\n\t\t\t\t\t<\/div>\n\t\t\t\t<\/div>\n\t\t<div data-particle_enable=\"false\" data-particle-mobile-disabled=\"false\" class=\"elementor-element elementor-element-9176f58 e-flex e-con-boxed e-con e-parent\" data-id=\"9176f58\" data-element_type=\"container\" data-e-type=\"container\" data-settings=\"{&quot;background_background&quot;:&quot;classic&quot;}\">\n\t\t\t\t\t<div class=\"e-con-inner\">\n\t\t\t\t<div class=\"elementor-element elementor-element-c559e00 elementor-widget elementor-widget-heading\" data-id=\"c559e00\" data-element_type=\"widget\" data-e-type=\"widget\" data-widget_type=\"heading.default\">\n\t\t\t\t<div class=\"elementor-widget-container\">\n\t\t\t\t\t<h2 class=\"elementor-heading-title elementor-size-default\">GALER\u00cdA<\/h2>\t\t\t\t<\/div>\n\t\t\t\t<\/div>\n\t\t\t\t<div class=\"elementor-element elementor-element-8b17797 elementor-widget elementor-widget-gallery\" data-id=\"8b17797\" data-element_type=\"widget\" data-e-type=\"widget\" data-settings=\"{&quot;overlay_title&quot;:&quot;caption&quot;,&quot;columns_mobile&quot;:2,&quot;columns&quot;:3,&quot;lazyload&quot;:&quot;yes&quot;,&quot;gallery_layout&quot;:&quot;grid&quot;,&quot;columns_tablet&quot;:2,&quot;gap&quot;:{&quot;unit&quot;:&quot;px&quot;,&quot;size&quot;:10,&quot;sizes&quot;:[]},&quot;gap_tablet&quot;:{&quot;unit&quot;:&quot;px&quot;,&quot;size&quot;:10,&quot;sizes&quot;:[]},&quot;gap_mobile&quot;:{&quot;unit&quot;:&quot;px&quot;,&quot;size&quot;:10,&quot;sizes&quot;:[]},&quot;link_to&quot;:&quot;file&quot;,&quot;aspect_ratio&quot;:&quot;3:2&quot;,&quot;overlay_background&quot;:&quot;yes&quot;,&quot;content_hover_animation&quot;:&quot;fade-in&quot;}\" data-widget_type=\"gallery.default\">\n\t\t\t\t<div class=\"elementor-widget-container\">\n\t\t\t\t\t\t\t<div class=\"elementor-gallery__container\">\n\t\t\t\t\t\t\t<a class=\"e-gallery-item elementor-gallery-item elementor-animated-content\" href=\"https:\/\/dev.splotch.com.au\/es\/wp-content\/uploads\/2025\/03\/rebuilds-3.jpg\" data-elementor-open-lightbox=\"yes\" data-elementor-lightbox-slideshow=\"8b17797\" data-elementor-lightbox-title=\"rebuilds-3\" data-e-action-hash=\"#elementor-action%3Aaction%3Dlightbox%26settings%3DeyJpZCI6MTA5MjMsInVybCI6Imh0dHBzOlwvXC9kZXYuc3Bsb3RjaC5jb20uYXVcL2VzXC93cC1jb250ZW50XC91cGxvYWRzXC8yMDI1XC8wM1wvcmVidWlsZHMtMy5qcGciLCJzbGlkZXNob3ciOiI4YjE3Nzk3In0%3D\">\n\t\t\t\t\t<div class=\"e-gallery-image elementor-gallery-item__image\" data-thumbnail=\"https:\/\/dev.splotch.com.au\/es\/wp-content\/uploads\/2025\/03\/rebuilds-3.jpg\" data-width=\"1000\" data-height=\"667\" aria-label=\"\" role=\"img\" ><\/div>\n\t\t\t\t\t\t\t\t\t\t\t<div class=\"elementor-gallery-item__overlay\"><\/div>\n\t\t\t\t\t\t\t\t\t\t\t\t\t\t\t<div class=\"elementor-gallery-item__content\">\n\t\t\t\t\t\t\t\t\t\t\t<\/div>\n\t\t\t\t\t\t\t\t\t<\/a>\n\t\t\t\t\t\t\t<a class=\"e-gallery-item elementor-gallery-item elementor-animated-content\" href=\"https:\/\/dev.splotch.com.au\/es\/wp-content\/uploads\/2025\/03\/rebuilds-2.jpg\" data-elementor-open-lightbox=\"yes\" data-elementor-lightbox-slideshow=\"8b17797\" data-elementor-lightbox-title=\"rebuilds-2\" data-e-action-hash=\"#elementor-action%3Aaction%3Dlightbox%26settings%3DeyJpZCI6MTA5MjQsInVybCI6Imh0dHBzOlwvXC9kZXYuc3Bsb3RjaC5jb20uYXVcL2VzXC93cC1jb250ZW50XC91cGxvYWRzXC8yMDI1XC8wM1wvcmVidWlsZHMtMi5qcGciLCJzbGlkZXNob3ciOiI4YjE3Nzk3In0%3D\">\n\t\t\t\t\t<div class=\"e-gallery-image elementor-gallery-item__image\" data-thumbnail=\"https:\/\/dev.splotch.com.au\/es\/wp-content\/uploads\/2025\/03\/rebuilds-2.jpg\" data-width=\"1000\" data-height=\"667\" aria-label=\"Schlam Ciclo de Vida del Producto Servicios\" role=\"img\" ><\/div>\n\t\t\t\t\t\t\t\t\t\t\t<div class=\"elementor-gallery-item__overlay\"><\/div>\n\t\t\t\t\t\t\t\t\t\t\t\t\t\t\t<div class=\"elementor-gallery-item__content\">\n\t\t\t\t\t\t\t\t\t\t\t<\/div>\n\t\t\t\t\t\t\t\t\t<\/a>\n\t\t\t\t\t\t\t<a class=\"e-gallery-item elementor-gallery-item elementor-animated-content\" href=\"https:\/\/dev.splotch.com.au\/es\/wp-content\/uploads\/2025\/03\/rebuilds-1.jpg\" data-elementor-open-lightbox=\"yes\" data-elementor-lightbox-slideshow=\"8b17797\" data-elementor-lightbox-title=\"rebuilds-1\" data-e-action-hash=\"#elementor-action%3Aaction%3Dlightbox%26settings%3DeyJpZCI6MTA5MjUsInVybCI6Imh0dHBzOlwvXC9kZXYuc3Bsb3RjaC5jb20uYXVcL2VzXC93cC1jb250ZW50XC91cGxvYWRzXC8yMDI1XC8wM1wvcmVidWlsZHMtMS5qcGciLCJzbGlkZXNob3ciOiI4YjE3Nzk3In0%3D\">\n\t\t\t\t\t<div class=\"e-gallery-image elementor-gallery-item__image\" data-thumbnail=\"https:\/\/dev.splotch.com.au\/es\/wp-content\/uploads\/2025\/03\/rebuilds-1.jpg\" data-width=\"1000\" data-height=\"667\" aria-label=\"\" role=\"img\" ><\/div>\n\t\t\t\t\t\t\t\t\t\t\t<div class=\"elementor-gallery-item__overlay\"><\/div>\n\t\t\t\t\t\t\t\t\t\t\t\t\t\t\t<div class=\"elementor-gallery-item__content\">\n\t\t\t\t\t\t\t\t\t\t\t<\/div>\n\t\t\t\t\t\t\t\t\t<\/a>\n\t\t\t\t\t<\/div>\n\t\t\t\t\t<\/div>\n\t\t\t\t<\/div>\n\t\t\t\t\t<\/div>\n\t\t\t\t<\/div>\n\t\t\t\t<\/div>\n\t\t","protected":false},"excerpt":{"rendered":"<p>Rebuilds and refurbishments Working collaboratively to optimise asset life supported by a best-in-market rebuild programme FEATURES AND BENEFITS Detailed inspections and diagnostics before commencement, to define scope of work Authentic OEM parts, ensuring compatibility, reliability, and performance Performed to original OEM design specifications Incorporation of the latest design improvements and technology updates during the rebuild &#8230; <a title=\"Reconstrucciones y Reacondicionamiento\" class=\"read-more\" href=\"https:\/\/dev.splotch.com.au\/es\/servicio-y-asistencia\/reconstrucciones-y-reacondicionamiento\/\" aria-label=\"Read more about Reconstrucciones y Reacondicionamiento\">Read more<\/a><\/p>\n","protected":false},"author":7,"featured_media":976,"parent":10621,"menu_order":0,"comment_status":"closed","ping_status":"closed","template":"","meta":{"_acf_changed":false,"footnotes":""},"categories":[14],"tags":[],"class_list":{"0":"post-10683","1":"page","2":"type-page","3":"status-publish","4":"has-post-thumbnail","6":"category-payload"},"acf":[],"yoast_head":"<!-- This site is optimized with the Yoast SEO plugin v27.4 - https:\/\/yoast.com\/product\/yoast-seo-wordpress\/ -->\n<title>Reconstrucciones y Reacondicionamiento | Schlam<\/title>\n<meta name=\"description\" content=\"Servicios expertos de reconstrucci\u00f3n y reacondicionamiento. Restaure su equipo minero a condiciones como nuevo.\" \/>\n<meta name=\"robots\" content=\"noindex, follow, max-snippet:-1, max-image-preview:large, max-video-preview:-1\" \/>\n<meta property=\"og:locale\" content=\"es_ES\" \/>\n<meta property=\"og:type\" content=\"article\" \/>\n<meta property=\"og:title\" content=\"Reconstrucciones y Reacondicionamiento | Schlam\" \/>\n<meta property=\"og:description\" content=\"Servicios expertos de reconstrucci\u00f3n y reacondicionamiento. Restaure su equipo minero a condiciones como nuevo.\" \/>\n<meta property=\"og:url\" content=\"https:\/\/dev.splotch.com.au\/es\/servicio-y-asistencia\/reconstrucciones-y-reacondicionamiento\/\" \/>\n<meta property=\"og:site_name\" content=\"Schlam\" \/>\n<meta property=\"article:modified_time\" content=\"2026-04-20T13:50:25+00:00\" \/>\n<meta property=\"og:image\" content=\"https:\/\/dev.splotch.com.au\/es\/wp-content\/uploads\/2020\/11\/Banner-Payload-Open-Cut-A-scaled-1.jpg\" \/>\n\t<meta property=\"og:image:width\" content=\"2560\" \/>\n\t<meta property=\"og:image:height\" content=\"800\" \/>\n\t<meta property=\"og:image:type\" content=\"image\/jpeg\" \/>\n<meta name=\"twitter:card\" content=\"summary_large_image\" \/>\n<meta name=\"twitter:label1\" content=\"Est. reading time\" \/>\n\t<meta name=\"twitter:data1\" content=\"1 minuto\" \/>\n<script type=\"application\/ld+json\" class=\"yoast-schema-graph\">{\"@context\":\"https:\\\/\\\/schema.org\",\"@graph\":[{\"@type\":\"WebPage\",\"@id\":\"https:\\\/\\\/dev.splotch.com.au\\\/es\\\/servicio-y-asistencia\\\/reconstrucciones-y-reacondicionamiento\\\/\",\"url\":\"https:\\\/\\\/dev.splotch.com.au\\\/es\\\/servicio-y-asistencia\\\/reconstrucciones-y-reacondicionamiento\\\/\",\"name\":\"Reconstrucciones y Reacondicionamiento | Schlam\",\"isPartOf\":{\"@id\":\"https:\\\/\\\/dev.splotch.com.au\\\/es\\\/#website\"},\"primaryImageOfPage\":{\"@id\":\"https:\\\/\\\/dev.splotch.com.au\\\/es\\\/servicio-y-asistencia\\\/reconstrucciones-y-reacondicionamiento\\\/#primaryimage\"},\"image\":{\"@id\":\"https:\\\/\\\/dev.splotch.com.au\\\/es\\\/servicio-y-asistencia\\\/reconstrucciones-y-reacondicionamiento\\\/#primaryimage\"},\"thumbnailUrl\":\"https:\\\/\\\/dev.splotch.com.au\\\/es\\\/wp-content\\\/uploads\\\/2020\\\/11\\\/Banner-Payload-Open-Cut-A-scaled-1.jpg\",\"datePublished\":\"2025-03-04T04:41:06+00:00\",\"dateModified\":\"2026-04-20T13:50:25+00:00\",\"description\":\"Servicios expertos de reconstrucci\u00f3n y reacondicionamiento. Restaure su equipo minero a condiciones como nuevo.\",\"breadcrumb\":{\"@id\":\"https:\\\/\\\/dev.splotch.com.au\\\/es\\\/servicio-y-asistencia\\\/reconstrucciones-y-reacondicionamiento\\\/#breadcrumb\"},\"inLanguage\":\"es-PE\",\"potentialAction\":[{\"@type\":\"ReadAction\",\"target\":[\"https:\\\/\\\/dev.splotch.com.au\\\/es\\\/servicio-y-asistencia\\\/reconstrucciones-y-reacondicionamiento\\\/\"]}]},{\"@type\":\"ImageObject\",\"inLanguage\":\"es-PE\",\"@id\":\"https:\\\/\\\/dev.splotch.com.au\\\/es\\\/servicio-y-asistencia\\\/reconstrucciones-y-reacondicionamiento\\\/#primaryimage\",\"url\":\"https:\\\/\\\/dev.splotch.com.au\\\/es\\\/wp-content\\\/uploads\\\/2020\\\/11\\\/Banner-Payload-Open-Cut-A-scaled-1.jpg\",\"contentUrl\":\"https:\\\/\\\/dev.splotch.com.au\\\/es\\\/wp-content\\\/uploads\\\/2020\\\/11\\\/Banner-Payload-Open-Cut-A-scaled-1.jpg\",\"width\":2560,\"height\":800,\"caption\":\"A cielo abierto camiones innovaci\u00f3n\"},{\"@type\":\"BreadcrumbList\",\"@id\":\"https:\\\/\\\/dev.splotch.com.au\\\/es\\\/servicio-y-asistencia\\\/reconstrucciones-y-reacondicionamiento\\\/#breadcrumb\",\"itemListElement\":[{\"@type\":\"ListItem\",\"position\":1,\"name\":\"Home\",\"item\":\"https:\\\/\\\/dev.splotch.com.au\\\/es\\\/\"},{\"@type\":\"ListItem\",\"position\":2,\"name\":\"Servicio y Asistencia\",\"item\":\"https:\\\/\\\/dev.splotch.com.au\\\/es\\\/servicio-y-asistencia\\\/\"},{\"@type\":\"ListItem\",\"position\":3,\"name\":\"Reconstrucciones y Reacondicionamiento\"}]},{\"@type\":\"WebSite\",\"@id\":\"https:\\\/\\\/dev.splotch.com.au\\\/es\\\/#website\",\"url\":\"https:\\\/\\\/dev.splotch.com.au\\\/es\\\/\",\"name\":\"Schlam\",\"description\":\"El l\u00edder mundial en productividad de carga y acarreo\",\"publisher\":{\"@id\":\"https:\\\/\\\/dev.splotch.com.au\\\/es\\\/#organization\"},\"potentialAction\":[{\"@type\":\"SearchAction\",\"target\":{\"@type\":\"EntryPoint\",\"urlTemplate\":\"https:\\\/\\\/dev.splotch.com.au\\\/es\\\/?s={search_term_string}\"},\"query-input\":{\"@type\":\"PropertyValueSpecification\",\"valueRequired\":true,\"valueName\":\"search_term_string\"}}],\"inLanguage\":\"es-PE\"},{\"@type\":\"Organization\",\"@id\":\"https:\\\/\\\/dev.splotch.com.au\\\/es\\\/#organization\",\"name\":\"Schlam\",\"url\":\"https:\\\/\\\/dev.splotch.com.au\\\/es\\\/\",\"logo\":{\"@type\":\"ImageObject\",\"inLanguage\":\"es-PE\",\"@id\":\"https:\\\/\\\/dev.splotch.com.au\\\/es\\\/#\\\/schema\\\/logo\\\/image\\\/\",\"url\":\"https:\\\/\\\/dev.splotch.com.au\\\/es\\\/wp-content\\\/uploads\\\/2023\\\/10\\\/Schlam-ITR-Global-Company-Logo-Dark.png\",\"contentUrl\":\"https:\\\/\\\/dev.splotch.com.au\\\/es\\\/wp-content\\\/uploads\\\/2023\\\/10\\\/Schlam-ITR-Global-Company-Logo-Dark.png\",\"width\":512,\"height\":174,\"caption\":\"Schlam\"},\"image\":{\"@id\":\"https:\\\/\\\/dev.splotch.com.au\\\/es\\\/#\\\/schema\\\/logo\\\/image\\\/\"}}]}<\/script>\n<!-- \/ Yoast SEO plugin. -->","yoast_head_json":{"title":"Reconstrucciones y Reacondicionamiento | Schlam","description":"Servicios expertos de reconstrucci\u00f3n y reacondicionamiento. Restaure su equipo minero a condiciones como nuevo.","robots":{"index":"noindex","follow":"follow","max-snippet":"max-snippet:-1","max-image-preview":"max-image-preview:large","max-video-preview":"max-video-preview:-1"},"og_locale":"es_ES","og_type":"article","og_title":"Reconstrucciones y Reacondicionamiento | Schlam","og_description":"Servicios expertos de reconstrucci\u00f3n y reacondicionamiento. Restaure su equipo minero a condiciones como nuevo.","og_url":"https:\/\/dev.splotch.com.au\/es\/servicio-y-asistencia\/reconstrucciones-y-reacondicionamiento\/","og_site_name":"Schlam","article_modified_time":"2026-04-20T13:50:25+00:00","og_image":[{"width":2560,"height":800,"url":"https:\/\/dev.splotch.com.au\/es\/wp-content\/uploads\/2020\/11\/Banner-Payload-Open-Cut-A-scaled-1.jpg","type":"image\/jpeg"}],"twitter_card":"summary_large_image","twitter_misc":{"Est. reading time":"1 minuto"},"schema":{"@context":"https:\/\/schema.org","@graph":[{"@type":"WebPage","@id":"https:\/\/dev.splotch.com.au\/es\/servicio-y-asistencia\/reconstrucciones-y-reacondicionamiento\/","url":"https:\/\/dev.splotch.com.au\/es\/servicio-y-asistencia\/reconstrucciones-y-reacondicionamiento\/","name":"Reconstrucciones y Reacondicionamiento | Schlam","isPartOf":{"@id":"https:\/\/dev.splotch.com.au\/es\/#website"},"primaryImageOfPage":{"@id":"https:\/\/dev.splotch.com.au\/es\/servicio-y-asistencia\/reconstrucciones-y-reacondicionamiento\/#primaryimage"},"image":{"@id":"https:\/\/dev.splotch.com.au\/es\/servicio-y-asistencia\/reconstrucciones-y-reacondicionamiento\/#primaryimage"},"thumbnailUrl":"https:\/\/dev.splotch.com.au\/es\/wp-content\/uploads\/2020\/11\/Banner-Payload-Open-Cut-A-scaled-1.jpg","datePublished":"2025-03-04T04:41:06+00:00","dateModified":"2026-04-20T13:50:25+00:00","description":"Servicios expertos de reconstrucci\u00f3n y reacondicionamiento. Restaure su equipo minero a condiciones como nuevo.","breadcrumb":{"@id":"https:\/\/dev.splotch.com.au\/es\/servicio-y-asistencia\/reconstrucciones-y-reacondicionamiento\/#breadcrumb"},"inLanguage":"es-PE","potentialAction":[{"@type":"ReadAction","target":["https:\/\/dev.splotch.com.au\/es\/servicio-y-asistencia\/reconstrucciones-y-reacondicionamiento\/"]}]},{"@type":"ImageObject","inLanguage":"es-PE","@id":"https:\/\/dev.splotch.com.au\/es\/servicio-y-asistencia\/reconstrucciones-y-reacondicionamiento\/#primaryimage","url":"https:\/\/dev.splotch.com.au\/es\/wp-content\/uploads\/2020\/11\/Banner-Payload-Open-Cut-A-scaled-1.jpg","contentUrl":"https:\/\/dev.splotch.com.au\/es\/wp-content\/uploads\/2020\/11\/Banner-Payload-Open-Cut-A-scaled-1.jpg","width":2560,"height":800,"caption":"A cielo abierto camiones innovaci\u00f3n"},{"@type":"BreadcrumbList","@id":"https:\/\/dev.splotch.com.au\/es\/servicio-y-asistencia\/reconstrucciones-y-reacondicionamiento\/#breadcrumb","itemListElement":[{"@type":"ListItem","position":1,"name":"Home","item":"https:\/\/dev.splotch.com.au\/es\/"},{"@type":"ListItem","position":2,"name":"Servicio y Asistencia","item":"https:\/\/dev.splotch.com.au\/es\/servicio-y-asistencia\/"},{"@type":"ListItem","position":3,"name":"Reconstrucciones y Reacondicionamiento"}]},{"@type":"WebSite","@id":"https:\/\/dev.splotch.com.au\/es\/#website","url":"https:\/\/dev.splotch.com.au\/es\/","name":"Schlam","description":"El l\u00edder mundial en productividad de carga y acarreo","publisher":{"@id":"https:\/\/dev.splotch.com.au\/es\/#organization"},"potentialAction":[{"@type":"SearchAction","target":{"@type":"EntryPoint","urlTemplate":"https:\/\/dev.splotch.com.au\/es\/?s={search_term_string}"},"query-input":{"@type":"PropertyValueSpecification","valueRequired":true,"valueName":"search_term_string"}}],"inLanguage":"es-PE"},{"@type":"Organization","@id":"https:\/\/dev.splotch.com.au\/es\/#organization","name":"Schlam","url":"https:\/\/dev.splotch.com.au\/es\/","logo":{"@type":"ImageObject","inLanguage":"es-PE","@id":"https:\/\/dev.splotch.com.au\/es\/#\/schema\/logo\/image\/","url":"https:\/\/dev.splotch.com.au\/es\/wp-content\/uploads\/2023\/10\/Schlam-ITR-Global-Company-Logo-Dark.png","contentUrl":"https:\/\/dev.splotch.com.au\/es\/wp-content\/uploads\/2023\/10\/Schlam-ITR-Global-Company-Logo-Dark.png","width":512,"height":174,"caption":"Schlam"},"image":{"@id":"https:\/\/dev.splotch.com.au\/es\/#\/schema\/logo\/image\/"}}]}},"_links":{"self":[{"href":"https:\/\/dev.splotch.com.au\/es\/wp-json\/wp\/v2\/pages\/10683","targetHints":{"allow":["GET"]}}],"collection":[{"href":"https:\/\/dev.splotch.com.au\/es\/wp-json\/wp\/v2\/pages"}],"about":[{"href":"https:\/\/dev.splotch.com.au\/es\/wp-json\/wp\/v2\/types\/page"}],"author":[{"embeddable":true,"href":"https:\/\/dev.splotch.com.au\/es\/wp-json\/wp\/v2\/users\/7"}],"replies":[{"embeddable":true,"href":"https:\/\/dev.splotch.com.au\/es\/wp-json\/wp\/v2\/comments?post=10683"}],"version-history":[{"count":12,"href":"https:\/\/dev.splotch.com.au\/es\/wp-json\/wp\/v2\/pages\/10683\/revisions"}],"predecessor-version":[{"id":12684,"href":"https:\/\/dev.splotch.com.au\/es\/wp-json\/wp\/v2\/pages\/10683\/revisions\/12684"}],"up":[{"embeddable":true,"href":"https:\/\/dev.splotch.com.au\/es\/wp-json\/wp\/v2\/pages\/10621"}],"wp:featuredmedia":[{"embeddable":true,"href":"https:\/\/dev.splotch.com.au\/es\/wp-json\/wp\/v2\/media\/976"}],"wp:attachment":[{"href":"https:\/\/dev.splotch.com.au\/es\/wp-json\/wp\/v2\/media?parent=10683"}],"wp:term":[{"taxonomy":"category","embeddable":true,"href":"https:\/\/dev.splotch.com.au\/es\/wp-json\/wp\/v2\/categories?post=10683"},{"taxonomy":"post_tag","embeddable":true,"href":"https:\/\/dev.splotch.com.au\/es\/wp-json\/wp\/v2\/tags?post=10683"}],"curies":[{"name":"wp","href":"https:\/\/api.w.org\/{rel}","templated":true}]}}