{"id":12664,"date":"2026-04-17T02:10:45","date_gmt":"2026-04-17T02:10:45","guid":{"rendered":"https:\/\/dev.splotch.com.au\/es\/?page_id=12664"},"modified":"2026-04-20T13:51:27","modified_gmt":"2026-04-20T13:51:27","slug":"politica-de-privacidad","status":"publish","type":"page","link":"https:\/\/dev.splotch.com.au\/es\/politica-de-privacidad\/","title":{"rendered":"Pol\u00edtica de Privacidad"},"content":{"rendered":"\t\t<div data-elementor-type=\"wp-page\" data-elementor-id=\"12664\" class=\"elementor elementor-12664\" data-elementor-post-type=\"page\">\n\t\t\t\t<div data-particle_enable=\"false\" data-particle-mobile-disabled=\"false\" class=\"elementor-element elementor-element-6b13ae8 e-flex e-con-boxed e-con e-parent\" data-id=\"6b13ae8\" data-element_type=\"container\" data-e-type=\"container\">\n\t\t\t\t\t<div class=\"e-con-inner\">\n\t\t\t\t<div class=\"elementor-element elementor-element-50d0a8fa elementor-widget elementor-widget-text-editor\" data-id=\"50d0a8fa\" data-element_type=\"widget\" data-e-type=\"widget\" data-widget_type=\"text-editor.default\">\n\t\t\t\t<div class=\"elementor-widget-container\">\n\t\t\t\t\t\t\t\t\t\n<p>Schlam is comprometido con proporcionando calidad products y servicios to you and this policy outlines our ongoing obligations to you in respect of how we manage your Personal Information.<\/p>\n\n\n\n<p>We have adopted the Australian Privacidad Principles (APPs) contained in the Privacidad Act 1988 (Cth) (the Privacidad Act). The APPs govern the way in which we collect, use, disclose, store, secure and dispose of your Personal Information.<\/p>\n\n\n\n<p>A copy of the Australian Privacidad Principles may be obtained from the website of The Oficina of the Australian Information Commissioner at www.aoic.gov.au<\/p>\n\n\n\n<p><strong>What is Personal Information and why do we collect it?<\/strong><\/p>\n\n\n\n<p>Personal Information is information or an opinion that identifies an individual. Examples of Personal Information we collect include: names, addresses, email addresses, phone and facsimile numbers.<\/p>\n\n\n\n<p>This Personal Information is obtained in many ways including interviews, correspondence, telephone and facsimile, email, via our website , media and publications, other publicly available sources, cookies and from third parties. We don\u2019t guarantee website links or policy of authorised third parties.<\/p>\n\n\n\n<p>We collect your Personal Information for the primary purpose of proporcionando our products y servicios to you, proporcionando information to our clients and marketing. We may also use your Personal Information for secondary purposes closely related to the primary purpose, in circumstances where you would reasonably expect such use or disclosure. You may unsubscribe from our mailing\/marketing lists at any time by contacting us in writing.<\/p>\n\n\n\n<p>When we collect Personal Information we will, where appropriate and where possible, explain to you why we are collecting the information and how we plan to use it.<\/p>\n\n\n\n<p><strong>Sensitive Information<\/strong><\/p>\n\n\n\n<p>Sensitive information is defined in the Privacidad Act to include information or opinion about such things as an individual\u2019s racial or ethnic origin, political opinions, membership of a political association, religious or philosophical beliefs, membership of a trade union or other professional body, criminal record or health information. Examples of sensitive information we may collect include medical information and police checks for employment purposes.&nbsp;<\/p>\n\n\n\n<p>Sensitive information will be used by us only:<\/p>\n\n\n\n<ul class=\"wp-block-list\">\n<li>For the primary purpose for which it was obtained<\/li>\n\n\n\n<li>For a secondary purpose that is directly related to the primary purpose<\/li>\n\n\n\n<li>With your consent; or where required or authorised by law.<\/li>\n<\/ul>\n\n\n\n<p><strong>Third Parties<\/strong><\/p>\n\n\n\n<p>Where reasonable and practicable to do so, we will collect your Personal Information only from you. However, in some circumstances we may be provided with information by third parties. In such a case we will take reasonable steps para asegurar that you are made aware of the information provided to us by the third party.<\/p>\n\n\n\n<p><strong>Disclosure of Personal Information<\/strong><\/p>\n\n\n\n<p>Your Personal Information may be disclosed in circumstances including the following:<\/p>\n\n\n\n<ul class=\"wp-block-list\">\n<li>Third parties where you consent to the use or disclosure; and<\/li>\n\n\n\n<li>Where required or authorised by law.<\/li>\n<\/ul>\n\n\n\n<p>We may disclose your personal information to third parties who provide servicios to us (and we will only do so where necessary for those third parties to do so).&nbsp; Some of these third parties may be located outside of Australia, including the United States of America.&nbsp;<\/p>\n\n\n\n<p>We also engage personnel (employees and contractors) located outside of Australia, and their personal information may be held in the countries in which those personnel are located.&nbsp;&nbsp;<\/p>\n\n\n\n<p><strong>Security of Personal Information<\/strong><\/p>\n\n\n\n<p>Your Personal Information is stored in a manner that reasonably protects it from misuse and loss and from unauthorized access, modification, or disclosure. This includes the use of technologies and processes such as access control procedures, network firewalls, encryption and physical security to protect the privacy of your personal information.<\/p>\n\n\n\n<p>When your Personal Information is no longer needed for the purpose for which it was obtained, we will take reasonable steps to destroy or permanently de-identify your Personal Information. However, most of the Personal Information is or will be stored in client files which will be kept by us for a minimum of seven years.<\/p>\n\n\n\n<p><strong>Access to your Personal Information<\/strong><\/p>\n\n\n\n<p>You may access the Personal Information we hold about you and to update and\/or correct it, subject to certain exceptions. If you wish to access your Personal Information, please contact us in writing.<\/p>\n\n\n\n<p>Schlam will not charge any fee for your access request. In order to protect your Personal Information, we may require identification from you before releasing the requested information.<\/p>\n\n\n\n<p><strong>Maintaining the Calidad of your Personal Information<\/strong><\/p>\n\n\n\n<p>It is an important to us that your Personal Information is up to date. We will take reasonable steps to make sure that your Personal Information is accurate, complete and up-to-date. If you find that the information we have is not up to date or is inaccurate, please advise us as soon as practicable so we can update our records and ensure we can continue para proporcionar calidad servicios to you.<\/p>\n\n\n\n<p><strong>Policy Updates<\/strong><\/p>\n\n\n\n<p>This Policy may change from time to time and is available on our website.<\/p>\n\n\n\n<p><strong>Pol\u00edtica de Privacidad Complaints and Enquiries<\/strong><\/p>\n\n\n\n<p>If you have any queries or complaints about our Pol\u00edtica de Privacidad, please contact us at:<\/p>\n\n\n\n<p>Schlam<br>PO Box 70<br>Welshpool DC 6986<\/p>\n\n\n\n<p>Australia Occidental<\/p>\n\n\n\n<p><a href=\"mailto:privacy@schlam.com\">privacy@schlam.com<br><\/a>+61 8 6148 5555<\/p>\n\n\n\n<p>If you make a complaint, we ask that you send us your complaint in writing to the email address listed above.&nbsp; We endeavour to respond to complaints within a reasonable time.&nbsp; If you are not satisfied with our response, you may make a complaint to the Oficina of the Australian Information Commissioner (<a href=\"http:\/\/www.oaic.gov.au\/\">www.oaic.gov.au<\/a>).&nbsp;<\/p>\n\t\t\t\t\t\t\t\t<\/div>\n\t\t\t\t<\/div>\n\t\t\t\t\t<\/div>\n\t\t\t\t<\/div>\n\t\t\t\t<\/div>\n\t\t","protected":false},"excerpt":{"rendered":"<p>Schlam is committed to providing quality products and services to you and this policy outlines our ongoing obligations to you in respect of how we manage your Personal Information. We have adopted the Australian Privacy Principles (APPs) contained in the Privacy Act 1988 (Cth) (the Privacy Act). The APPs govern the way in which we &#8230; <a title=\"Pol\u00edtica de Privacidad\" class=\"read-more\" href=\"https:\/\/dev.splotch.com.au\/es\/politica-de-privacidad\/\" aria-label=\"Read more about Pol\u00edtica de Privacidad\">Read more<\/a><\/p>\n","protected":false},"author":8,"featured_media":0,"parent":0,"menu_order":0,"comment_status":"closed","ping_status":"closed","template":"","meta":{"_acf_changed":false,"footnotes":""},"categories":[],"tags":[],"class_list":["post-12664","page","type-page","status-publish"],"acf":[],"yoast_head":"<!-- This site is optimized with the Yoast SEO plugin v27.4 - https:\/\/yoast.com\/product\/yoast-seo-wordpress\/ -->\n<title>Pol\u00edtica de Privacidad | Schlam<\/title>\n<meta name=\"description\" content=\"Pol\u00edtica de privacidad de Schlam. C\u00f3mo recopilamos, usamos y protegemos su informaci\u00f3n personal.\" \/>\n<meta name=\"robots\" content=\"noindex, follow, max-snippet:-1, max-image-preview:large, max-video-preview:-1\" \/>\n<meta property=\"og:locale\" content=\"es_ES\" \/>\n<meta property=\"og:type\" content=\"article\" \/>\n<meta property=\"og:title\" content=\"Pol\u00edtica de Privacidad | Schlam\" \/>\n<meta property=\"og:description\" content=\"Pol\u00edtica de privacidad de Schlam. C\u00f3mo recopilamos, usamos y protegemos su informaci\u00f3n personal.\" \/>\n<meta property=\"og:url\" content=\"https:\/\/dev.splotch.com.au\/es\/politica-de-privacidad\/\" \/>\n<meta property=\"og:site_name\" content=\"Schlam\" \/>\n<meta property=\"article:modified_time\" content=\"2026-04-20T13:51:27+00:00\" \/>\n<meta name=\"twitter:card\" content=\"summary_large_image\" \/>\n<meta name=\"twitter:label1\" content=\"Est. reading time\" \/>\n\t<meta name=\"twitter:data1\" content=\"4 minutos\" \/>\n<script type=\"application\/ld+json\" class=\"yoast-schema-graph\">{\"@context\":\"https:\\\/\\\/schema.org\",\"@graph\":[{\"@type\":\"WebPage\",\"@id\":\"https:\\\/\\\/dev.splotch.com.au\\\/es\\\/politica-de-privacidad\\\/\",\"url\":\"https:\\\/\\\/dev.splotch.com.au\\\/es\\\/politica-de-privacidad\\\/\",\"name\":\"Pol\u00edtica de Privacidad | Schlam\",\"isPartOf\":{\"@id\":\"https:\\\/\\\/dev.splotch.com.au\\\/es\\\/#website\"},\"datePublished\":\"2026-04-17T02:10:45+00:00\",\"dateModified\":\"2026-04-20T13:51:27+00:00\",\"description\":\"Pol\u00edtica de privacidad de Schlam. C\u00f3mo recopilamos, usamos y protegemos su informaci\u00f3n personal.\",\"breadcrumb\":{\"@id\":\"https:\\\/\\\/dev.splotch.com.au\\\/es\\\/politica-de-privacidad\\\/#breadcrumb\"},\"inLanguage\":\"es-PE\",\"potentialAction\":[{\"@type\":\"ReadAction\",\"target\":[\"https:\\\/\\\/dev.splotch.com.au\\\/es\\\/politica-de-privacidad\\\/\"]}]},{\"@type\":\"BreadcrumbList\",\"@id\":\"https:\\\/\\\/dev.splotch.com.au\\\/es\\\/politica-de-privacidad\\\/#breadcrumb\",\"itemListElement\":[{\"@type\":\"ListItem\",\"position\":1,\"name\":\"Home\",\"item\":\"https:\\\/\\\/dev.splotch.com.au\\\/es\\\/\"},{\"@type\":\"ListItem\",\"position\":2,\"name\":\"Pol\u00edtica de Privacidad\"}]},{\"@type\":\"WebSite\",\"@id\":\"https:\\\/\\\/dev.splotch.com.au\\\/es\\\/#website\",\"url\":\"https:\\\/\\\/dev.splotch.com.au\\\/es\\\/\",\"name\":\"Schlam\",\"description\":\"El l\u00edder mundial en productividad de carga y acarreo\",\"publisher\":{\"@id\":\"https:\\\/\\\/dev.splotch.com.au\\\/es\\\/#organization\"},\"potentialAction\":[{\"@type\":\"SearchAction\",\"target\":{\"@type\":\"EntryPoint\",\"urlTemplate\":\"https:\\\/\\\/dev.splotch.com.au\\\/es\\\/?s={search_term_string}\"},\"query-input\":{\"@type\":\"PropertyValueSpecification\",\"valueRequired\":true,\"valueName\":\"search_term_string\"}}],\"inLanguage\":\"es-PE\"},{\"@type\":\"Organization\",\"@id\":\"https:\\\/\\\/dev.splotch.com.au\\\/es\\\/#organization\",\"name\":\"Schlam\",\"url\":\"https:\\\/\\\/dev.splotch.com.au\\\/es\\\/\",\"logo\":{\"@type\":\"ImageObject\",\"inLanguage\":\"es-PE\",\"@id\":\"https:\\\/\\\/dev.splotch.com.au\\\/es\\\/#\\\/schema\\\/logo\\\/image\\\/\",\"url\":\"https:\\\/\\\/dev.splotch.com.au\\\/es\\\/wp-content\\\/uploads\\\/2023\\\/10\\\/Schlam-ITR-Global-Company-Logo-Dark.png\",\"contentUrl\":\"https:\\\/\\\/dev.splotch.com.au\\\/es\\\/wp-content\\\/uploads\\\/2023\\\/10\\\/Schlam-ITR-Global-Company-Logo-Dark.png\",\"width\":512,\"height\":174,\"caption\":\"Schlam\"},\"image\":{\"@id\":\"https:\\\/\\\/dev.splotch.com.au\\\/es\\\/#\\\/schema\\\/logo\\\/image\\\/\"}}]}<\/script>\n<!-- \/ Yoast SEO plugin. -->","yoast_head_json":{"title":"Pol\u00edtica de Privacidad | Schlam","description":"Pol\u00edtica de privacidad de Schlam. C\u00f3mo recopilamos, usamos y protegemos su informaci\u00f3n personal.","robots":{"index":"noindex","follow":"follow","max-snippet":"max-snippet:-1","max-image-preview":"max-image-preview:large","max-video-preview":"max-video-preview:-1"},"og_locale":"es_ES","og_type":"article","og_title":"Pol\u00edtica de Privacidad | Schlam","og_description":"Pol\u00edtica de privacidad de Schlam. C\u00f3mo recopilamos, usamos y protegemos su informaci\u00f3n personal.","og_url":"https:\/\/dev.splotch.com.au\/es\/politica-de-privacidad\/","og_site_name":"Schlam","article_modified_time":"2026-04-20T13:51:27+00:00","twitter_card":"summary_large_image","twitter_misc":{"Est. reading time":"4 minutos"},"schema":{"@context":"https:\/\/schema.org","@graph":[{"@type":"WebPage","@id":"https:\/\/dev.splotch.com.au\/es\/politica-de-privacidad\/","url":"https:\/\/dev.splotch.com.au\/es\/politica-de-privacidad\/","name":"Pol\u00edtica de Privacidad | Schlam","isPartOf":{"@id":"https:\/\/dev.splotch.com.au\/es\/#website"},"datePublished":"2026-04-17T02:10:45+00:00","dateModified":"2026-04-20T13:51:27+00:00","description":"Pol\u00edtica de privacidad de Schlam. C\u00f3mo recopilamos, usamos y protegemos su informaci\u00f3n personal.","breadcrumb":{"@id":"https:\/\/dev.splotch.com.au\/es\/politica-de-privacidad\/#breadcrumb"},"inLanguage":"es-PE","potentialAction":[{"@type":"ReadAction","target":["https:\/\/dev.splotch.com.au\/es\/politica-de-privacidad\/"]}]},{"@type":"BreadcrumbList","@id":"https:\/\/dev.splotch.com.au\/es\/politica-de-privacidad\/#breadcrumb","itemListElement":[{"@type":"ListItem","position":1,"name":"Home","item":"https:\/\/dev.splotch.com.au\/es\/"},{"@type":"ListItem","position":2,"name":"Pol\u00edtica de Privacidad"}]},{"@type":"WebSite","@id":"https:\/\/dev.splotch.com.au\/es\/#website","url":"https:\/\/dev.splotch.com.au\/es\/","name":"Schlam","description":"El l\u00edder mundial en productividad de carga y acarreo","publisher":{"@id":"https:\/\/dev.splotch.com.au\/es\/#organization"},"potentialAction":[{"@type":"SearchAction","target":{"@type":"EntryPoint","urlTemplate":"https:\/\/dev.splotch.com.au\/es\/?s={search_term_string}"},"query-input":{"@type":"PropertyValueSpecification","valueRequired":true,"valueName":"search_term_string"}}],"inLanguage":"es-PE"},{"@type":"Organization","@id":"https:\/\/dev.splotch.com.au\/es\/#organization","name":"Schlam","url":"https:\/\/dev.splotch.com.au\/es\/","logo":{"@type":"ImageObject","inLanguage":"es-PE","@id":"https:\/\/dev.splotch.com.au\/es\/#\/schema\/logo\/image\/","url":"https:\/\/dev.splotch.com.au\/es\/wp-content\/uploads\/2023\/10\/Schlam-ITR-Global-Company-Logo-Dark.png","contentUrl":"https:\/\/dev.splotch.com.au\/es\/wp-content\/uploads\/2023\/10\/Schlam-ITR-Global-Company-Logo-Dark.png","width":512,"height":174,"caption":"Schlam"},"image":{"@id":"https:\/\/dev.splotch.com.au\/es\/#\/schema\/logo\/image\/"}}]}},"_links":{"self":[{"href":"https:\/\/dev.splotch.com.au\/es\/wp-json\/wp\/v2\/pages\/12664","targetHints":{"allow":["GET"]}}],"collection":[{"href":"https:\/\/dev.splotch.com.au\/es\/wp-json\/wp\/v2\/pages"}],"about":[{"href":"https:\/\/dev.splotch.com.au\/es\/wp-json\/wp\/v2\/types\/page"}],"author":[{"embeddable":true,"href":"https:\/\/dev.splotch.com.au\/es\/wp-json\/wp\/v2\/users\/8"}],"replies":[{"embeddable":true,"href":"https:\/\/dev.splotch.com.au\/es\/wp-json\/wp\/v2\/comments?post=12664"}],"version-history":[{"count":8,"href":"https:\/\/dev.splotch.com.au\/es\/wp-json\/wp\/v2\/pages\/12664\/revisions"}],"predecessor-version":[{"id":12691,"href":"https:\/\/dev.splotch.com.au\/es\/wp-json\/wp\/v2\/pages\/12664\/revisions\/12691"}],"wp:attachment":[{"href":"https:\/\/dev.splotch.com.au\/es\/wp-json\/wp\/v2\/media?parent=12664"}],"wp:term":[{"taxonomy":"category","embeddable":true,"href":"https:\/\/dev.splotch.com.au\/es\/wp-json\/wp\/v2\/categories?post=12664"},{"taxonomy":"post_tag","embeddable":true,"href":"https:\/\/dev.splotch.com.au\/es\/wp-json\/wp\/v2\/tags?post=12664"}],"curies":[{"name":"wp","href":"https:\/\/api.w.org\/{rel}","templated":true}]}}