{"id":8743,"date":"2024-07-08T08:28:43","date_gmt":"2024-07-08T08:28:43","guid":{"rendered":"https:\/\/dev.splotch.com.au\/schlam\/?page_id=8743"},"modified":"2026-04-20T13:51:04","modified_gmt":"2026-04-20T13:51:04","slug":"carreras","status":"publish","type":"page","link":"https:\/\/dev.splotch.com.au\/es\/carreras\/","title":{"rendered":"Carreras"},"content":{"rendered":"\t\t<div data-elementor-type=\"wp-page\" data-elementor-id=\"8743\" class=\"elementor elementor-8743\" data-elementor-post-type=\"page\">\n\t\t\t\t<div data-particle_enable=\"false\" data-particle-mobile-disabled=\"false\" class=\"elementor-element elementor-element-f956f2a e-con-full schlam-hero e-flex e-con e-parent\" data-id=\"f956f2a\" data-element_type=\"container\" data-e-type=\"container\" data-settings=\"{&quot;background_background&quot;:&quot;classic&quot;}\">\n\t\t\t\t<div class=\"elementor-element elementor-element-398b457 elementor--h-position-center elementor--v-position-middle elementor-arrows-position-inside elementor-pagination-position-inside elementor-widget elementor-widget-slides\" data-id=\"398b457\" data-element_type=\"widget\" data-e-type=\"widget\" data-settings=\"{&quot;navigation&quot;:&quot;both&quot;,&quot;autoplay&quot;:&quot;yes&quot;,&quot;pause_on_hover&quot;:&quot;yes&quot;,&quot;pause_on_interaction&quot;:&quot;yes&quot;,&quot;autoplay_speed&quot;:5000,&quot;infinite&quot;:&quot;yes&quot;,&quot;transition&quot;:&quot;slide&quot;,&quot;transition_speed&quot;:500}\" data-widget_type=\"slides.default\">\n\t\t\t\t<div class=\"elementor-widget-container\">\n\t\t\t\t\t\t\t\t\t<div class=\"elementor-swiper\">\n\t\t\t\t\t<div class=\"elementor-slides-wrapper elementor-main-swiper swiper\" role=\"region\" aria-roledescription=\"carousel\" aria-label=\"Slides\" dir=\"ltr\" data-animation=\"fadeInUp\">\n\t\t\t\t<div class=\"swiper-wrapper elementor-slides\">\n\t\t\t\t\t\t\t\t\t\t<div class=\"elementor-repeater-item-4af6707 swiper-slide\" role=\"group\" aria-roledescription=\"slide\"><div class=\"swiper-slide-bg\" role=\"img\" aria-label=\"why-join-schlam-payload\"><\/div><div class=\"elementor-background-overlay\"><\/div><div class=\"swiper-slide-inner\" ><div class=\"swiper-slide-contents\"><span class=\"elementor-slide-heading\"><span class=\"politica-heading-slides\">EXPERIENCE CLASS-LEADING TECHNOLOGY<\/span><\/span><\/div><\/div><\/div><div class=\"elementor-repeater-item-4980919 swiper-slide\" role=\"group\" aria-roledescription=\"slide\"><div class=\"swiper-slide-bg\" role=\"img\" aria-label=\"why-join-schlam-payload-female-worker-dump-body\"><\/div><div class=\"elementor-background-overlay\"><\/div><div class=\"swiper-slide-inner\" ><div class=\"swiper-slide-contents\"><span class=\"elementor-slide-heading\"><span class=\"politica-heading-slides\">EXPERIENCE A TEAM WHERE EVERYONE MATTERS<\/span><\/span><\/div><\/div><\/div><div class=\"elementor-repeater-item-1a2ee01 swiper-slide\" role=\"group\" aria-roledescription=\"slide\"><div class=\"swiper-slide-bg\" role=\"img\" aria-label=\"payload-hercules-banner1\"><\/div><div class=\"elementor-background-overlay\"><\/div><div class=\"swiper-slide-inner\" ><div class=\"swiper-slide-contents\"><span class=\"elementor-slide-heading\"><span class=\"politica-heading-slides\">EXPERIENCE  WORLD-LEADING PRODUCT INNOVATION<\/span><\/span><\/div><\/div><\/div>\t\t\t\t<\/div>\n\t\t\t\t\t\t\t\t\t\t\t\t\t\t\t<div class=\"elementor-swiper-button elementor-swiper-button-prev\" role=\"button\" tabindex=\"0\" aria-label=\"Previous slide\">\n\t\t\t\t\t\t\t<i aria-hidden=\"true\" class=\"eicon-chevron-left\"><\/i>\t\t\t\t\t\t<\/div>\n\t\t\t\t\t\t<div class=\"elementor-swiper-button elementor-swiper-button-next\" role=\"button\" tabindex=\"0\" aria-label=\"Next slide\">\n\t\t\t\t\t\t\t<i aria-hidden=\"true\" class=\"eicon-chevron-right\"><\/i>\t\t\t\t\t\t<\/div>\n\t\t\t\t\t\t\t\t\t\t\t\t\t\t\t\t<div class=\"swiper-pagination\"><\/div>\n\t\t\t\t\t\t\t\t\t\t\t\t<\/div>\n\t\t\t\t<\/div>\n\t\t\t\t\t\t\t\t<\/div>\n\t\t\t\t<\/div>\n\t\t\t\t<\/div>\n\t\t<div data-particle_enable=\"false\" data-particle-mobile-disabled=\"false\" class=\"elementor-element elementor-element-28f15ef schlam-hero elementor-hidden-desktop elementor-hidden-tablet elementor-hidden-mobile e-flex e-con-boxed e-con e-parent\" data-id=\"28f15ef\" data-element_type=\"container\" data-e-type=\"container\" data-settings=\"{&quot;background_background&quot;:&quot;classic&quot;}\">\n\t\t\t\t\t<div class=\"e-con-inner\">\n\t\t<div data-particle_enable=\"false\" data-particle-mobile-disabled=\"false\" class=\"elementor-element elementor-element-a6e283b e-con-full e-flex e-con e-child\" data-id=\"a6e283b\" data-element_type=\"container\" data-e-type=\"container\">\n\t\t\t\t<div class=\"elementor-element elementor-element-38af856 elementor-widget elementor-widget-heading\" data-id=\"38af856\" data-element_type=\"widget\" data-e-type=\"widget\" data-widget_type=\"heading.default\">\n\t\t\t\t<div class=\"elementor-widget-container\">\n\t\t\t\t\t<h1 class=\"elementor-heading-title elementor-size-default\">EXPERIENCE WA\u2019S EMPLOYER OF THE YEAR\n<\/h1>\t\t\t\t<\/div>\n\t\t\t\t<\/div>\n\t\t\t\t<\/div>\n\t\t<div data-particle_enable=\"false\" data-particle-mobile-disabled=\"false\" class=\"elementor-element elementor-element-ef224b1 e-con-full elementor-hidden-mobile e-flex e-con e-child\" data-id=\"ef224b1\" data-element_type=\"container\" data-e-type=\"container\">\n\t\t\t\t<\/div>\n\t\t\t\t\t<\/div>\n\t\t\t\t<\/div>\n\t\t<div data-particle_enable=\"false\" data-particle-mobile-disabled=\"false\" class=\"elementor-element elementor-element-44c040e e-flex e-con-boxed e-con e-parent\" data-id=\"44c040e\" data-element_type=\"container\" data-e-type=\"container\">\n\t\t\t\t\t<div class=\"e-con-inner\">\n\t\t<div data-particle_enable=\"false\" data-particle-mobile-disabled=\"false\" class=\"elementor-element elementor-element-1f6c171 e-flex e-con-boxed e-con e-child\" data-id=\"1f6c171\" data-element_type=\"container\" data-e-type=\"container\">\n\t\t\t\t\t<div class=\"e-con-inner\">\n\t\t\t\t<div class=\"elementor-element elementor-element-081b6aa elementor-widget elementor-widget-text-editor\" data-id=\"081b6aa\" data-element_type=\"widget\" data-e-type=\"widget\" data-widget_type=\"text-editor.default\">\n\t\t\t\t<div class=\"elementor-widget-container\">\n\t\t\t\t\t\t\t\t\t<h2>Join the team at Schlam Carga \u00datil<\/h2><p>Our success has not only come from dise\u00f1oing and building the best carga \u00fatil products. Our teams are there para apoyar nuestros clientes to make their equipos mineros more productive.<\/p><p>Our goal is to be at every mine in the world. To get us there, we need the right people, with the right skills, energy and drive. We support our people to succeed \u2013 para lograr their individual aspirations, and to be part of a successful caring team.<\/p><p>Want to be part of a winning supportive team?<strong> Apply Now!<\/strong><\/p>\t\t\t\t\t\t\t\t<\/div>\n\t\t\t\t<\/div>\n\t\t\t\t\t<\/div>\n\t\t\t\t<\/div>\n\t\t\t\t\t<\/div>\n\t\t\t\t<\/div>\n\t\t<div data-particle_enable=\"false\" data-particle-mobile-disabled=\"false\" class=\"elementor-element elementor-element-80f4d6c e-flex e-con-boxed e-con e-parent\" data-id=\"80f4d6c\" data-element_type=\"container\" data-e-type=\"container\" data-settings=\"{&quot;background_background&quot;:&quot;classic&quot;}\">\n\t\t\t\t\t<div class=\"e-con-inner\">\n\t\t<div data-particle_enable=\"false\" data-particle-mobile-disabled=\"false\" class=\"elementor-element elementor-element-b7b3ce3 e-flex e-con-boxed e-con e-child\" data-id=\"b7b3ce3\" data-element_type=\"container\" data-e-type=\"container\" data-settings=\"{&quot;background_background&quot;:&quot;classic&quot;}\">\n\t\t\t\t\t<div class=\"e-con-inner\">\n\t\t\t\t<div class=\"elementor-element elementor-element-98c7765 elementor-widget elementor-widget-html\" data-id=\"98c7765\" data-element_type=\"widget\" data-e-type=\"widget\" data-widget_type=\"html.default\">\n\t\t\t\t<div class=\"elementor-widget-container\">\n\t\t\t\t\t<div id=\"ja-jobs-widget\"><\/div>\r\n<script>\r\n            \tvar _baseUrl = \"\/\/apps.jobadder.com\/widgets\";\r\n            \tvar _jaJobsSettings = {\r\n                                key: \"AU6_blcu3qbh5xretbefb3xlyqhtbe\",\r\n                                jobSearchSettings: {\r\n                                            \tshowSearchForm: true,\r\n                                            \tsearchButtonText: \"Search\"\r\n                                },\r\n                                applicationFormSettings: {\r\n                                            \tuseExternalApplicationForm: true,\r\n                                            \tshowExternalApplicationFormInNewWindow: false\r\n                                }\r\n            \t};\r\n<\/script>\r\n<script src=\"\/\/apps.jobadder.com\/widgets\/v1\/jobs.min.js\"><\/script>\r\n\t\t\t\t<\/div>\n\t\t\t\t<\/div>\n\t\t\t\t\t<\/div>\n\t\t\t\t<\/div>\n\t\t\t\t\t<\/div>\n\t\t\t\t<\/div>\n\t\t\t\t<\/div>\n\t\t","protected":false},"excerpt":{"rendered":"<p>EXPERIENCE CLASS-LEADING TECHNOLOGYEXPERIENCE A TEAM WHERE EVERYONE MATTERSEXPERIENCE WORLD-LEADING PRODUCT INNOVATION EXPERIENCE WA\u2019S EMPLOYER OF THE YEAR Join the team at Schlam Payload Our success has not only come from designing and building the best payload products. Our teams are there to support our customers to make their mining equipment more productive. Our goal is &#8230; <a title=\"Carreras\" class=\"read-more\" href=\"https:\/\/dev.splotch.com.au\/es\/carreras\/\" aria-label=\"Read more about Carreras\">Read more<\/a><\/p>\n","protected":false},"author":7,"featured_media":2760,"parent":0,"menu_order":0,"comment_status":"closed","ping_status":"closed","template":"","meta":{"_acf_changed":false,"footnotes":""},"categories":[],"tags":[],"class_list":["post-8743","page","type-page","status-publish","has-post-thumbnail"],"acf":[],"yoast_head":"<!-- This site is optimized with the Yoast SEO plugin v27.4 - https:\/\/yoast.com\/product\/yoast-seo-wordpress\/ -->\n<title>Carreras | Schlam<\/title>\n<meta name=\"description\" content=\"\u00danase al equipo de Schlam. Oportunidades de carrera en ingenier\u00eda, fabricaci\u00f3n y servicios mineros.\" \/>\n<meta name=\"robots\" content=\"noindex, follow\" \/>\n<meta property=\"og:locale\" content=\"es_ES\" \/>\n<meta property=\"og:type\" content=\"article\" \/>\n<meta property=\"og:title\" content=\"Carreras | Schlam\" \/>\n<meta property=\"og:description\" content=\"\u00danase al equipo de Schlam. Oportunidades de carrera en ingenier\u00eda, fabricaci\u00f3n y servicios mineros.\" \/>\n<meta property=\"og:url\" content=\"https:\/\/dev.splotch.com.au\/es\/carreras\/\" \/>\n<meta property=\"og:site_name\" content=\"Schlam\" \/>\n<meta property=\"article:modified_time\" content=\"2026-04-20T13:51:04+00:00\" \/>\n<meta property=\"og:image\" content=\"https:\/\/dev.splotch.com.au\/es\/wp-content\/uploads\/2023\/03\/payload-jobs-hero-buckets.jpg\" \/>\n\t<meta property=\"og:image:width\" content=\"1500\" \/>\n\t<meta property=\"og:image:height\" content=\"457\" \/>\n\t<meta property=\"og:image:type\" content=\"image\/jpeg\" \/>\n<meta name=\"twitter:card\" content=\"summary_large_image\" \/>\n<meta name=\"twitter:label1\" content=\"Est. reading time\" \/>\n\t<meta name=\"twitter:data1\" content=\"1 minuto\" \/>\n<script type=\"application\/ld+json\" class=\"yoast-schema-graph\">{\"@context\":\"https:\\\/\\\/schema.org\",\"@graph\":[{\"@type\":\"WebPage\",\"@id\":\"https:\\\/\\\/dev.splotch.com.au\\\/es\\\/carreras\\\/\",\"url\":\"https:\\\/\\\/dev.splotch.com.au\\\/es\\\/carreras\\\/\",\"name\":\"Carreras | Schlam\",\"isPartOf\":{\"@id\":\"https:\\\/\\\/dev.splotch.com.au\\\/es\\\/#website\"},\"primaryImageOfPage\":{\"@id\":\"https:\\\/\\\/dev.splotch.com.au\\\/es\\\/carreras\\\/#primaryimage\"},\"image\":{\"@id\":\"https:\\\/\\\/dev.splotch.com.au\\\/es\\\/carreras\\\/#primaryimage\"},\"thumbnailUrl\":\"https:\\\/\\\/dev.splotch.com.au\\\/es\\\/wp-content\\\/uploads\\\/2023\\\/03\\\/payload-jobs-hero-buckets.jpg\",\"datePublished\":\"2024-07-08T08:28:43+00:00\",\"dateModified\":\"2026-04-20T13:51:04+00:00\",\"description\":\"\u00danase al equipo de Schlam. Oportunidades de carrera en ingenier\u00eda, fabricaci\u00f3n y servicios mineros.\",\"breadcrumb\":{\"@id\":\"https:\\\/\\\/dev.splotch.com.au\\\/es\\\/carreras\\\/#breadcrumb\"},\"inLanguage\":\"es-PE\",\"potentialAction\":[{\"@type\":\"ReadAction\",\"target\":[\"https:\\\/\\\/dev.splotch.com.au\\\/es\\\/carreras\\\/\"]}]},{\"@type\":\"ImageObject\",\"inLanguage\":\"es-PE\",\"@id\":\"https:\\\/\\\/dev.splotch.com.au\\\/es\\\/carreras\\\/#primaryimage\",\"url\":\"https:\\\/\\\/dev.splotch.com.au\\\/es\\\/wp-content\\\/uploads\\\/2023\\\/03\\\/payload-jobs-hero-buckets.jpg\",\"contentUrl\":\"https:\\\/\\\/dev.splotch.com.au\\\/es\\\/wp-content\\\/uploads\\\/2023\\\/03\\\/payload-jobs-hero-buckets.jpg\",\"width\":1500,\"height\":457},{\"@type\":\"BreadcrumbList\",\"@id\":\"https:\\\/\\\/dev.splotch.com.au\\\/es\\\/carreras\\\/#breadcrumb\",\"itemListElement\":[{\"@type\":\"ListItem\",\"position\":1,\"name\":\"Home\",\"item\":\"https:\\\/\\\/dev.splotch.com.au\\\/es\\\/\"},{\"@type\":\"ListItem\",\"position\":2,\"name\":\"Carreras\"}]},{\"@type\":\"WebSite\",\"@id\":\"https:\\\/\\\/dev.splotch.com.au\\\/es\\\/#website\",\"url\":\"https:\\\/\\\/dev.splotch.com.au\\\/es\\\/\",\"name\":\"Schlam\",\"description\":\"El l\u00edder mundial en productividad de carga y acarreo\",\"publisher\":{\"@id\":\"https:\\\/\\\/dev.splotch.com.au\\\/es\\\/#organization\"},\"potentialAction\":[{\"@type\":\"SearchAction\",\"target\":{\"@type\":\"EntryPoint\",\"urlTemplate\":\"https:\\\/\\\/dev.splotch.com.au\\\/es\\\/?s={search_term_string}\"},\"query-input\":{\"@type\":\"PropertyValueSpecification\",\"valueRequired\":true,\"valueName\":\"search_term_string\"}}],\"inLanguage\":\"es-PE\"},{\"@type\":\"Organization\",\"@id\":\"https:\\\/\\\/dev.splotch.com.au\\\/es\\\/#organization\",\"name\":\"Schlam\",\"url\":\"https:\\\/\\\/dev.splotch.com.au\\\/es\\\/\",\"logo\":{\"@type\":\"ImageObject\",\"inLanguage\":\"es-PE\",\"@id\":\"https:\\\/\\\/dev.splotch.com.au\\\/es\\\/#\\\/schema\\\/logo\\\/image\\\/\",\"url\":\"https:\\\/\\\/dev.splotch.com.au\\\/es\\\/wp-content\\\/uploads\\\/2023\\\/10\\\/Schlam-ITR-Global-Company-Logo-Dark.png\",\"contentUrl\":\"https:\\\/\\\/dev.splotch.com.au\\\/es\\\/wp-content\\\/uploads\\\/2023\\\/10\\\/Schlam-ITR-Global-Company-Logo-Dark.png\",\"width\":512,\"height\":174,\"caption\":\"Schlam\"},\"image\":{\"@id\":\"https:\\\/\\\/dev.splotch.com.au\\\/es\\\/#\\\/schema\\\/logo\\\/image\\\/\"}}]}<\/script>\n<!-- \/ Yoast SEO plugin. -->","yoast_head_json":{"title":"Carreras | Schlam","description":"\u00danase al equipo de Schlam. Oportunidades de carrera en ingenier\u00eda, fabricaci\u00f3n y servicios mineros.","robots":{"index":"noindex","follow":"follow"},"og_locale":"es_ES","og_type":"article","og_title":"Carreras | Schlam","og_description":"\u00danase al equipo de Schlam. Oportunidades de carrera en ingenier\u00eda, fabricaci\u00f3n y servicios mineros.","og_url":"https:\/\/dev.splotch.com.au\/es\/carreras\/","og_site_name":"Schlam","article_modified_time":"2026-04-20T13:51:04+00:00","og_image":[{"width":1500,"height":457,"url":"https:\/\/dev.splotch.com.au\/es\/wp-content\/uploads\/2023\/03\/payload-jobs-hero-buckets.jpg","type":"image\/jpeg"}],"twitter_card":"summary_large_image","twitter_misc":{"Est. reading time":"1 minuto"},"schema":{"@context":"https:\/\/schema.org","@graph":[{"@type":"WebPage","@id":"https:\/\/dev.splotch.com.au\/es\/carreras\/","url":"https:\/\/dev.splotch.com.au\/es\/carreras\/","name":"Carreras | Schlam","isPartOf":{"@id":"https:\/\/dev.splotch.com.au\/es\/#website"},"primaryImageOfPage":{"@id":"https:\/\/dev.splotch.com.au\/es\/carreras\/#primaryimage"},"image":{"@id":"https:\/\/dev.splotch.com.au\/es\/carreras\/#primaryimage"},"thumbnailUrl":"https:\/\/dev.splotch.com.au\/es\/wp-content\/uploads\/2023\/03\/payload-jobs-hero-buckets.jpg","datePublished":"2024-07-08T08:28:43+00:00","dateModified":"2026-04-20T13:51:04+00:00","description":"\u00danase al equipo de Schlam. Oportunidades de carrera en ingenier\u00eda, fabricaci\u00f3n y servicios mineros.","breadcrumb":{"@id":"https:\/\/dev.splotch.com.au\/es\/carreras\/#breadcrumb"},"inLanguage":"es-PE","potentialAction":[{"@type":"ReadAction","target":["https:\/\/dev.splotch.com.au\/es\/carreras\/"]}]},{"@type":"ImageObject","inLanguage":"es-PE","@id":"https:\/\/dev.splotch.com.au\/es\/carreras\/#primaryimage","url":"https:\/\/dev.splotch.com.au\/es\/wp-content\/uploads\/2023\/03\/payload-jobs-hero-buckets.jpg","contentUrl":"https:\/\/dev.splotch.com.au\/es\/wp-content\/uploads\/2023\/03\/payload-jobs-hero-buckets.jpg","width":1500,"height":457},{"@type":"BreadcrumbList","@id":"https:\/\/dev.splotch.com.au\/es\/carreras\/#breadcrumb","itemListElement":[{"@type":"ListItem","position":1,"name":"Home","item":"https:\/\/dev.splotch.com.au\/es\/"},{"@type":"ListItem","position":2,"name":"Carreras"}]},{"@type":"WebSite","@id":"https:\/\/dev.splotch.com.au\/es\/#website","url":"https:\/\/dev.splotch.com.au\/es\/","name":"Schlam","description":"El l\u00edder mundial en productividad de carga y acarreo","publisher":{"@id":"https:\/\/dev.splotch.com.au\/es\/#organization"},"potentialAction":[{"@type":"SearchAction","target":{"@type":"EntryPoint","urlTemplate":"https:\/\/dev.splotch.com.au\/es\/?s={search_term_string}"},"query-input":{"@type":"PropertyValueSpecification","valueRequired":true,"valueName":"search_term_string"}}],"inLanguage":"es-PE"},{"@type":"Organization","@id":"https:\/\/dev.splotch.com.au\/es\/#organization","name":"Schlam","url":"https:\/\/dev.splotch.com.au\/es\/","logo":{"@type":"ImageObject","inLanguage":"es-PE","@id":"https:\/\/dev.splotch.com.au\/es\/#\/schema\/logo\/image\/","url":"https:\/\/dev.splotch.com.au\/es\/wp-content\/uploads\/2023\/10\/Schlam-ITR-Global-Company-Logo-Dark.png","contentUrl":"https:\/\/dev.splotch.com.au\/es\/wp-content\/uploads\/2023\/10\/Schlam-ITR-Global-Company-Logo-Dark.png","width":512,"height":174,"caption":"Schlam"},"image":{"@id":"https:\/\/dev.splotch.com.au\/es\/#\/schema\/logo\/image\/"}}]}},"_links":{"self":[{"href":"https:\/\/dev.splotch.com.au\/es\/wp-json\/wp\/v2\/pages\/8743","targetHints":{"allow":["GET"]}}],"collection":[{"href":"https:\/\/dev.splotch.com.au\/es\/wp-json\/wp\/v2\/pages"}],"about":[{"href":"https:\/\/dev.splotch.com.au\/es\/wp-json\/wp\/v2\/types\/page"}],"author":[{"embeddable":true,"href":"https:\/\/dev.splotch.com.au\/es\/wp-json\/wp\/v2\/users\/7"}],"replies":[{"embeddable":true,"href":"https:\/\/dev.splotch.com.au\/es\/wp-json\/wp\/v2\/comments?post=8743"}],"version-history":[{"count":9,"href":"https:\/\/dev.splotch.com.au\/es\/wp-json\/wp\/v2\/pages\/8743\/revisions"}],"predecessor-version":[{"id":12689,"href":"https:\/\/dev.splotch.com.au\/es\/wp-json\/wp\/v2\/pages\/8743\/revisions\/12689"}],"wp:featuredmedia":[{"embeddable":true,"href":"https:\/\/dev.splotch.com.au\/es\/wp-json\/wp\/v2\/media\/2760"}],"wp:attachment":[{"href":"https:\/\/dev.splotch.com.au\/es\/wp-json\/wp\/v2\/media?parent=8743"}],"wp:term":[{"taxonomy":"category","embeddable":true,"href":"https:\/\/dev.splotch.com.au\/es\/wp-json\/wp\/v2\/categories?post=8743"},{"taxonomy":"post_tag","embeddable":true,"href":"https:\/\/dev.splotch.com.au\/es\/wp-json\/wp\/v2\/tags?post=8743"}],"curies":[{"name":"wp","href":"https:\/\/api.w.org\/{rel}","templated":true}]}}